{"id":359,"date":"2025-09-26T19:30:35","date_gmt":"2025-09-26T19:30:35","guid":{"rendered":"https:\/\/gocarcroatia.com\/?page_id=359"},"modified":"2025-10-02T12:04:45","modified_gmt":"2025-10-02T12:04:45","slug":"kontakty","status":"publish","type":"page","link":"https:\/\/gocarcroatia.com\/pl\/kontakty\/","title":{"rendered":"Kontakty"},"content":{"rendered":"<h1>Kontakty<\/h1>\n<div class=\"rank-math-contact-info show-name show-organization_description show-email show-address show-hours show-phone show-additional_info show-map\"><div class=\"rank-math-contact-section rank-math-contact-name\">\t\t<h4 class=\"rank-math-name\">\n\t\t\t<a href=\"https:\/\/gocarcroatia.com\">GoCar Croatia<\/a>\n\t\t<\/h4>\n\t\t<\/div><div class=\"rank-math-contact-section rank-math-contact-organization_description\">\t\t<div class=\"rank-math-organization-description\">\n\t\t\t<label>Opis:<\/label>\n\t\t\t<p>Rental Car Croatia, Cheap car rental in Croatia\n<\/p>\n\t\t<\/div>\n\t\t<\/div><div class=\"rank-math-contact-section rank-math-contact-email\">\t\t<div class=\"rank-math-email\">\n\t\t\t<label>Adres e-mail:<\/label>\n\t\t\t<a href=\"mailto:support@gocarcroatia.com\">support@gocarcroatia.com<\/a>\n\t\t<\/div>\n\t\t<\/div><div class=\"rank-math-contact-section rank-math-contact-address\">\t\t<label>Adres:<\/label>\n\t\t<address><span class=\"contact-address-streetAddress\">Franjo Tu\u0111man International Airport Zagreb<\/span> <span class=\"contact-address-addressLocality\">Ul. Rudolfa Fizira 21<\/span>, <span class=\"contact-address-addressRegion\">Velika Gorica<\/span> <span class=\"contact-address-postalCode\">10410<\/span><\/address>\n\t\t<\/div><div class=\"rank-math-contact-section rank-math-contact-hours\"><\/div><div class=\"rank-math-contact-section rank-math-contact-phone\"><\/div><div class=\"rank-math-contact-section rank-math-contact-additional_info\"><\/div><div class=\"rank-math-contact-section rank-math-contact-map\"><\/div><\/div><div class=\"clear\"><\/div>\n<p><strong>Uwaga dotycz\u0105ca odbioru:<\/strong> Dok\u0142adn\u0105 lokalizacj\u0119 odbioru &#8211; pe\u0142ny adres i pinezk\u0119 na mapie &#8211; otrzymasz zaraz po potwierdzeniu rezerwacji.<\/p>\n","protected":false},"excerpt":{"rendered":"<p>Kontakty Uwaga dotycz\u0105ca odbioru: Dok\u0142adn\u0105 lokalizacj\u0119 odbioru &#8211; pe\u0142ny adres i pinezk\u0119 na mapie &#8211; otrzymasz zaraz po potwierdzeniu rezerwacji.<\/p>\n","protected":false},"author":1,"featured_media":0,"parent":0,"menu_order":0,"comment_status":"closed","ping_status":"closed","template":"","meta":{"_kad_post_transparent":"default","_kad_post_title":"hide","_kad_post_layout":"default","_kad_post_sidebar_id":"","_kad_post_content_style":"unboxed","_kad_post_vertical_padding":"default","_kad_post_feature":"","_kad_post_feature_position":"","_kad_post_header":false,"_kad_post_footer":false,"_kad_post_classname":"","footnotes":""},"class_list":["post-359","page","type-page","status-publish","hentry"],"_links":{"self":[{"href":"https:\/\/gocarcroatia.com\/pl\/wp-json\/wp\/v2\/pages\/359","targetHints":{"allow":["GET"]}}],"collection":[{"href":"https:\/\/gocarcroatia.com\/pl\/wp-json\/wp\/v2\/pages"}],"about":[{"href":"https:\/\/gocarcroatia.com\/pl\/wp-json\/wp\/v2\/types\/page"}],"author":[{"embeddable":true,"href":"https:\/\/gocarcroatia.com\/pl\/wp-json\/wp\/v2\/users\/1"}],"replies":[{"embeddable":true,"href":"https:\/\/gocarcroatia.com\/pl\/wp-json\/wp\/v2\/comments?post=359"}],"version-history":[{"count":3,"href":"https:\/\/gocarcroatia.com\/pl\/wp-json\/wp\/v2\/pages\/359\/revisions"}],"predecessor-version":[{"id":563,"href":"https:\/\/gocarcroatia.com\/pl\/wp-json\/wp\/v2\/pages\/359\/revisions\/563"}],"wp:attachment":[{"href":"https:\/\/gocarcroatia.com\/pl\/wp-json\/wp\/v2\/media?parent=359"}],"curies":[{"name":"wp","href":"https:\/\/api.w.org\/{rel}","templated":true}]}}