{"id":478,"date":"2025-09-26T19:30:07","date_gmt":"2025-09-26T19:30:07","guid":{"rendered":"https:\/\/gocarcroatia.com\/?page_id=478"},"modified":"2025-09-30T20:51:37","modified_gmt":"2025-09-30T20:51:37","slug":"o-nama","status":"publish","type":"page","link":"https:\/\/gocarcroatia.com\/hr\/o-nama\/","title":{"rendered":"O nama"},"content":{"rendered":"<h1>O nama<\/h1>\n<p><strong>GoCar Croatia<\/strong> je stvoren s jednom jasnom misijom: u\u010diniti najam automobila u Hrvatskoj jednostavnim, povoljnim i transparentnim za svakoga. Vjerujemo da putovanje kroz Hrvatsku treba zna\u010diti slobodu i nezaboravna iskustva, a ne skrivene tro\u0161kove ili komplicirane uvjete.<\/p>\n<p>Na\u0161a usluga temelji se na potrebama modernih putnika. Zato nudimo <em>najam automobila u Hrvatskoj bez depozita i bez kreditne kartice<\/em>. Od poslovnih putnika i solo avanturista do parova i obitelji s djecom &#8211; pobrinuli smo se da svatko mo\u017ee unajmiti automobil s potpunim mirom i jasnim uvjetima.<\/p>\n<p>Radimo s velikim izborom vozila &#8211; od malih ekonomi\u010dnih automobila za gradsku vo\u017enju do prostranih SUV-ova i obiteljskih kombija za du\u017ea putovanja du\u017e jadranske obale. Svako vozilo redovito se servisira, potpuno je osigurano i spremno za istra\u017eivanje najpopularnijih destinacija u Hrvatskoj: Zagreb, Split, Dubrovnik, Zadar, Pula i dalje.<\/p>\n<p>U GoCar Croatia transparentnost je na\u0161a klju\u010dna vrijednost. Cijena koju vidi\u0161 je cijena koju pla\u0107a\u0161 &#8211; s uklju\u010denim osiguranjem i besplatnim otkazivanjem. Nema skrivenih tro\u0161kova, nema iznena\u0111enja prilikom preuzimanja. Samo pouzdani automobili i profesionalna podr\u0161ka na svakom koraku.<\/p>\n<p>Mi smo vi\u0161e od tvrtke za najam automobila &#8211; mi smo tvoj putni partner. Na\u0161 lokalni tim uvijek je spreman podijeliti savjete za vo\u017enju, prijedloge ruta i insajdersko znanje kako bi tvoje putovanje kroz Hrvatsku bilo glatko i nezaboravno.<\/p>\n<p>Odaberi GoCar Croatia i u\u017eivaj u slobodi otkrivanja Hrvatske vlastitim tempom &#8211; s povjerenjem, udobno\u0161\u0107u i sigurno\u0161\u0107u.<\/p>\n","protected":false},"excerpt":{"rendered":"<p>O nama GoCar Croatia je stvoren s jednom jasnom misijom: u\u010diniti najam automobila u Hrvatskoj jednostavnim, povoljnim i transparentnim za svakoga. Vjerujemo da putovanje kroz Hrvatsku treba zna\u010diti slobodu i nezaboravna iskustva, a ne skrivene tro\u0161kove ili komplicirane uvjete. Na\u0161a usluga temelji se na potrebama modernih putnika. Zato nudimo najam automobila u Hrvatskoj bez depozita&#8230;<\/p>\n","protected":false},"author":1,"featured_media":0,"parent":0,"menu_order":0,"comment_status":"closed","ping_status":"closed","template":"","meta":{"_kad_post_transparent":"default","_kad_post_title":"hide","_kad_post_layout":"default","_kad_post_sidebar_id":"","_kad_post_content_style":"unboxed","_kad_post_vertical_padding":"default","_kad_post_feature":"","_kad_post_feature_position":"","_kad_post_header":false,"_kad_post_footer":false,"_kad_post_classname":"","footnotes":""},"class_list":["post-478","page","type-page","status-publish","hentry"],"_links":{"self":[{"href":"https:\/\/gocarcroatia.com\/hr\/wp-json\/wp\/v2\/pages\/478","targetHints":{"allow":["GET"]}}],"collection":[{"href":"https:\/\/gocarcroatia.com\/hr\/wp-json\/wp\/v2\/pages"}],"about":[{"href":"https:\/\/gocarcroatia.com\/hr\/wp-json\/wp\/v2\/types\/page"}],"author":[{"embeddable":true,"href":"https:\/\/gocarcroatia.com\/hr\/wp-json\/wp\/v2\/users\/1"}],"replies":[{"embeddable":true,"href":"https:\/\/gocarcroatia.com\/hr\/wp-json\/wp\/v2\/comments?post=478"}],"version-history":[{"count":2,"href":"https:\/\/gocarcroatia.com\/hr\/wp-json\/wp\/v2\/pages\/478\/revisions"}],"predecessor-version":[{"id":480,"href":"https:\/\/gocarcroatia.com\/hr\/wp-json\/wp\/v2\/pages\/478\/revisions\/480"}],"wp:attachment":[{"href":"https:\/\/gocarcroatia.com\/hr\/wp-json\/wp\/v2\/media?parent=478"}],"curies":[{"name":"wp","href":"https:\/\/api.w.org\/{rel}","templated":true}]}}