{"id":216,"date":"2025-09-26T19:30:07","date_gmt":"2025-09-26T19:30:07","guid":{"rendered":"https:\/\/gocarcroatia.com\/?page_id=216"},"modified":"2025-09-28T08:03:15","modified_gmt":"2025-09-28T08:03:15","slug":"ueber-uns","status":"publish","type":"page","link":"https:\/\/gocarcroatia.com\/de\/ueber-uns\/","title":{"rendered":"\u00dcber uns"},"content":{"rendered":"<h1>\u00dcber uns<\/h1>\n<p><strong>GoCar Croatia<\/strong> wurde mit einer klaren Mission gegr\u00fcndet: die Autovermietung in Kroatien f\u00fcr alle einfach, erschwinglich und transparent zu machen. Wir glauben, dass Reisen durch Kroatien Freiheit und unvergessliche Erlebnisse bedeuten sollte \u2013 ohne versteckte Geb\u00fchren oder komplizierte Bedingungen.  <\/p>\n<p>Unser Service richtet sich nach den Bed\u00fcrfnissen moderner Reisender. Deshalb bieten wir Autovermietung in Kroatien ohne Kaution und ohne Kreditkarte an. Ob Gesch\u00e4ftsreisende, Alleinreisende, Paare oder Familien mit Kindern \u2013 wir sorgen daf\u00fcr, dass jeder mit klaren Bedingungen und einem sicheren Gef\u00fchl ein Auto mieten kann.<\/p>\n<p>Wir bieten eine gro\u00dfe Auswahl an Fahrzeugen &#8211; von kleinen, sparsamen Autos f\u00fcr die Stadt bis hin zu ger\u00e4umigen SUVs und Familienvans f\u00fcr lange Fahrten entlang der Adriak\u00fcste. Jedes Fahrzeug wird regelm\u00e4\u00dfig gewartet, ist voll versichert und bereit, die beliebtesten Reiseziele Kroatiens zu erkunden: Zagreb, Split, Dubrovnik, Zadar, Pula und mehr.<\/p>\n<p>Bei GoCar Croatia ist Transparenz unser wichtigster Wert. Der Preis, den Sie sehen, ist der Preis, den Sie zahlen \u2013 mit Versicherung und kostenloser Stornierung inklusive. Keine versteckten Kosten, keine \u00dcberraschungen bei der Abholung. Nur zuverl\u00e4ssige Fahrzeuge und professioneller Service auf jedem Schritt Ihrer Reise.<\/p>\n<p>Wir sind mehr als nur eine Autovermietung &#8211; wir sind Ihr Reisepartner. Unser lokales Team teilt gerne Fahrhinweise, Routenvorschl\u00e4ge und Insiderwissen, um Ihre Reise durch Kroatien angenehm und unvergesslich zu machen.<\/p>\n<p>W\u00e4hlen Sie GoCar Croatia und genie\u00dfen Sie die Freiheit, Kroatien in Ihrem eigenen Tempo mit Vertrauen, Komfort und Sicherheit zu entdecken.<\/p>\n","protected":false},"excerpt":{"rendered":"<p>\u00dcber uns GoCar Croatia wurde mit einer klaren Mission gegr\u00fcndet: die Autovermietung in Kroatien f\u00fcr alle einfach, erschwinglich und transparent zu machen. Wir glauben, dass Reisen durch Kroatien Freiheit und unvergessliche Erlebnisse bedeuten sollte \u2013 ohne versteckte Geb\u00fchren oder komplizierte Bedingungen. Unser Service richtet sich nach den Bed\u00fcrfnissen moderner Reisender. Deshalb bieten wir Autovermietung in&#8230;<\/p>\n","protected":false},"author":1,"featured_media":0,"parent":0,"menu_order":0,"comment_status":"closed","ping_status":"closed","template":"","meta":{"_kad_post_transparent":"default","_kad_post_title":"hide","_kad_post_layout":"default","_kad_post_sidebar_id":"","_kad_post_content_style":"unboxed","_kad_post_vertical_padding":"default","_kad_post_feature":"","_kad_post_feature_position":"","_kad_post_header":false,"_kad_post_footer":false,"_kad_post_classname":"","footnotes":""},"class_list":["post-216","page","type-page","status-publish","hentry"],"_links":{"self":[{"href":"https:\/\/gocarcroatia.com\/de\/wp-json\/wp\/v2\/pages\/216","targetHints":{"allow":["GET"]}}],"collection":[{"href":"https:\/\/gocarcroatia.com\/de\/wp-json\/wp\/v2\/pages"}],"about":[{"href":"https:\/\/gocarcroatia.com\/de\/wp-json\/wp\/v2\/types\/page"}],"author":[{"embeddable":true,"href":"https:\/\/gocarcroatia.com\/de\/wp-json\/wp\/v2\/users\/1"}],"replies":[{"embeddable":true,"href":"https:\/\/gocarcroatia.com\/de\/wp-json\/wp\/v2\/comments?post=216"}],"version-history":[{"count":2,"href":"https:\/\/gocarcroatia.com\/de\/wp-json\/wp\/v2\/pages\/216\/revisions"}],"predecessor-version":[{"id":218,"href":"https:\/\/gocarcroatia.com\/de\/wp-json\/wp\/v2\/pages\/216\/revisions\/218"}],"wp:attachment":[{"href":"https:\/\/gocarcroatia.com\/de\/wp-json\/wp\/v2\/media?parent=216"}],"curies":[{"name":"wp","href":"https:\/\/api.w.org\/{rel}","templated":true}]}}